{"id":192,"date":"2024-07-17T16:17:01","date_gmt":"2024-07-17T16:17:01","guid":{"rendered":"https:\/\/masajesterapeuticosbizkarra.rkinformatika.online\/?page_id=192"},"modified":"2024-07-18T15:09:26","modified_gmt":"2024-07-18T15:09:26","slug":"drenaje-linfatico","status":"publish","type":"page","link":"https:\/\/masajesterapeuticosbizkarra.com\/eus\/drenaje-linfatico\/","title":{"rendered":"DRAINATZE LINFATIKOA"},"content":{"rendered":"<div data-elementor-type=\"wp-page\" data-elementor-id=\"192\" class=\"elementor elementor-192\" data-elementor-post-type=\"page\">\n\t\t\t\t<div class=\"elementor-element elementor-element-fe97884 e-con-full e-flex e-con e-parent\" data-id=\"fe97884\" data-element_type=\"container\" data-e-type=\"container\" data-settings=\"{&quot;background_background&quot;:&quot;classic&quot;}\">\n\t\t\t\t<div class=\"elementor-element elementor-element-af0275c elementor-widget elementor-widget-heading\" data-id=\"af0275c\" data-element_type=\"widget\" data-e-type=\"widget\" data-widget_type=\"heading.default\">\n\t\t\t\t<div class=\"elementor-widget-container\">\n\t\t\t\t\t<h2 class=\"elementor-heading-title elementor-size-default\">Drainatze linfatikoa<\/h2>\t\t\t\t<\/div>\n\t\t\t\t<\/div>\n\t\t\t\t<\/div>\n\t\t<div class=\"elementor-element elementor-element-10cfacb e-flex e-con-boxed e-con e-parent\" data-id=\"10cfacb\" data-element_type=\"container\" data-e-type=\"container\">\n\t\t\t\t\t<div class=\"e-con-inner\">\n\t\t<div class=\"elementor-element elementor-element-69e04c7 e-con-full e-flex e-con e-child\" data-id=\"69e04c7\" data-element_type=\"container\" data-e-type=\"container\">\n\t\t\t\t<div class=\"elementor-element elementor-element-6bc3593 elementor-mobile-align-center elementor-icon-list--layout-traditional elementor-list-item-link-full_width elementor-widget elementor-widget-icon-list\" data-id=\"6bc3593\" data-element_type=\"widget\" data-e-type=\"widget\" data-widget_type=\"icon-list.default\">\n\t\t\t\t<div class=\"elementor-widget-container\">\n\t\t\t\t\t\t\t<ul class=\"elementor-icon-list-items\">\n\t\t\t\t\t\t\t<li class=\"elementor-icon-list-item\">\n\t\t\t\t\t\t\t\t\t\t<span class=\"elementor-icon-list-text\">Drainatze linfatikoa<\/span>\n\t\t\t\t\t\t\t\t\t<\/li>\n\t\t\t\t\t\t<\/ul>\n\t\t\t\t\t\t<\/div>\n\t\t\t\t<\/div>\n\t\t\t\t<div class=\"elementor-element elementor-element-61ceae3 elementor-widget elementor-widget-text-editor\" data-id=\"61ceae3\" data-element_type=\"widget\" data-e-type=\"widget\" data-widget_type=\"text-editor.default\">\n\t\t\t\t<div class=\"elementor-widget-container\">\n\t\t\t\t\t\t\t\t\t<p>El\u00a0<strong>drenaje linf\u00e1tico<\/strong>\u00a0es un tipo de masaje<strong>\u00a0que se realiza a trav\u00e9s de movimientos muy suaves<\/strong>\u00a0y repetitivos que favorecen la circulaci\u00f3n, mejorando as\u00ed edemas, varices, inflamaciones y retenciones de l\u00edquidos. \u00a0<\/p><p>El\u00a0<strong>sistema linf\u00e1tico\u00a0<\/strong>colabora estrechamente con el sistema inmunol\u00f3gico, por lo que\u00a0<strong>el drenaje linf\u00e1tico manual<\/strong>\u00a0<strong>mejora el estado de salud<\/strong>\u00a0y ejerce un papel muy beneficioso en el sistema nervioso,<strong>\u00a0adem\u00e1s de tratar espec\u00edficamente distintas afecciones<\/strong>.<\/p>\t\t\t\t\t\t\t\t<\/div>\n\t\t\t\t<\/div>\n\t\t\t\t<\/div>\n\t\t<div class=\"elementor-element elementor-element-482f786 e-con-full e-flex e-con e-child\" data-id=\"482f786\" data-element_type=\"container\" data-e-type=\"container\">\n\t\t\t\t<div class=\"elementor-element elementor-element-f3e8548 elementor-widget elementor-widget-image\" data-id=\"f3e8548\" data-element_type=\"widget\" data-e-type=\"widget\" data-widget_type=\"image.default\">\n\t\t\t\t<div class=\"elementor-widget-container\">\n\t\t\t\t\t\t\t\t\t\t\t\t\t\t\t<img fetchpriority=\"high\" decoding=\"async\" width=\"800\" height=\"800\" src=\"https:\/\/masajesterapeuticosbizkarra.com\/wp-content\/uploads\/2024\/07\/masaje-alaitz-4-1024x1024.jpg\" class=\"attachment-large size-large wp-image-195\" alt=\"\" srcset=\"https:\/\/masajesterapeuticosbizkarra.com\/wp-content\/uploads\/2024\/07\/masaje-alaitz-4-1024x1024.jpg 1024w, https:\/\/masajesterapeuticosbizkarra.com\/wp-content\/uploads\/2024\/07\/masaje-alaitz-4-300x300.jpg 300w, https:\/\/masajesterapeuticosbizkarra.com\/wp-content\/uploads\/2024\/07\/masaje-alaitz-4-150x150.jpg 150w, https:\/\/masajesterapeuticosbizkarra.com\/wp-content\/uploads\/2024\/07\/masaje-alaitz-4-768x768.jpg 768w, https:\/\/masajesterapeuticosbizkarra.com\/wp-content\/uploads\/2024\/07\/masaje-alaitz-4-1536x1536.jpg 1536w, https:\/\/masajesterapeuticosbizkarra.com\/wp-content\/uploads\/2024\/07\/masaje-alaitz-4-2048x2048.jpg 2048w, https:\/\/masajesterapeuticosbizkarra.com\/wp-content\/uploads\/2024\/07\/masaje-alaitz-4-12x12.jpg 12w\" sizes=\"(max-width: 800px) 100vw, 800px\" \/>\t\t\t\t\t\t\t\t\t\t\t\t\t\t\t<\/div>\n\t\t\t\t<\/div>\n\t\t\t\t<\/div>\n\t\t\t\t\t<\/div>\n\t\t\t\t<\/div>\n\t\t<div class=\"elementor-element elementor-element-2a0f42a e-flex e-con-boxed e-con e-parent\" data-id=\"2a0f42a\" data-element_type=\"container\" data-e-type=\"container\" data-settings=\"{&quot;background_background&quot;:&quot;classic&quot;}\">\n\t\t\t\t\t<div class=\"e-con-inner\">\n\t\t<div class=\"elementor-element elementor-element-d23e562 e-con-full e-flex e-con e-child\" data-id=\"d23e562\" data-element_type=\"container\" data-e-type=\"container\">\n\t\t\t\t<div class=\"elementor-element elementor-element-d7ca7e6 elementor-widget elementor-widget-heading\" data-id=\"d7ca7e6\" data-element_type=\"widget\" data-e-type=\"widget\" data-widget_type=\"heading.default\">\n\t\t\t\t<div class=\"elementor-widget-container\">\n\t\t\t\t\t<h2 class=\"elementor-heading-title elementor-size-default\">Indicaciones<\/h2>\t\t\t\t<\/div>\n\t\t\t\t<\/div>\n\t\t\t\t<\/div>\n\t\t<div class=\"elementor-element elementor-element-6c79bfd e-con-full e-flex e-con e-child\" data-id=\"6c79bfd\" data-element_type=\"container\" data-e-type=\"container\">\n\t\t\t\t<div class=\"elementor-element elementor-element-9be3d8e elementor-widget elementor-widget-text-editor\" data-id=\"9be3d8e\" data-element_type=\"widget\" data-e-type=\"widget\" data-widget_type=\"text-editor.default\">\n\t\t\t\t<div class=\"elementor-widget-container\">\n\t\t\t\t\t\t\t\t\t-Indicado para mejorar <strong>edemas, varices<\/strong> y otros problemas relacionados en el campo de la <strong>est\u00e9tica<\/strong>.\t\t\t\t\t\t\t\t<\/div>\n\t\t\t\t<\/div>\n\t\t\t\t<\/div>\n\t\t<div class=\"elementor-element elementor-element-af16861 e-con-full e-flex e-con e-child\" data-id=\"af16861\" data-element_type=\"container\" data-e-type=\"container\">\n\t\t\t\t<div class=\"elementor-element elementor-element-562167a elementor-widget elementor-widget-text-editor\" data-id=\"562167a\" data-element_type=\"widget\" data-e-type=\"widget\" data-widget_type=\"text-editor.default\">\n\t\t\t\t<div class=\"elementor-widget-container\">\n\t\t\t\t\t\t\t\t\t-Calmar el <strong>dolor a nivel muscular<\/strong><br>\n&#8211;<strong>Aumentar las defensas<\/strong>.\t\t\t\t\t\t\t\t<\/div>\n\t\t\t\t<\/div>\n\t\t\t\t<\/div>\n\t\t\t\t\t<\/div>\n\t\t\t\t<\/div>\n\t\t\t\t<\/div>","protected":false},"excerpt":{"rendered":"<p>Drenaje Linf\u00e1tico Drenaje Linf\u00e1tico El\u00a0drenaje linf\u00e1tico\u00a0es un tipo de masaje\u00a0que se realiza a trav\u00e9s de movimientos muy suaves\u00a0y repetitivos que favorecen la circulaci\u00f3n, mejorando as\u00ed edemas, varices, inflamaciones y retenciones de l\u00edquidos. \u00a0 El\u00a0sistema linf\u00e1tico\u00a0colabora estrechamente con el sistema inmunol\u00f3gico, por lo que\u00a0el drenaje linf\u00e1tico manual\u00a0mejora el estado de salud\u00a0y ejerce un papel muy beneficioso [&hellip;]<\/p>\n","protected":false},"author":1,"featured_media":0,"parent":0,"menu_order":0,"comment_status":"closed","ping_status":"closed","template":"elementor_canvas","meta":{"footnotes":""},"class_list":["post-192","page","type-page","status-publish","hentry"],"yoast_head":"<!-- This site is optimized with the Yoast SEO plugin v27.5 - https:\/\/yoast.com\/product\/yoast-seo-wordpress\/ -->\n<title>DRENAJE LINF\u00c1TICO - Masajes Terap\u00e9uticos Bizkarra<\/title>\n<meta name=\"robots\" content=\"index, follow, max-snippet:-1, max-image-preview:large, max-video-preview:-1\" \/>\n<link rel=\"canonical\" href=\"https:\/\/masajesterapeuticosbizkarra.com\/eus\/drenaje-linfatico\/\" \/>\n<meta property=\"og:locale\" content=\"en_US\" \/>\n<meta property=\"og:type\" content=\"article\" \/>\n<meta property=\"og:title\" content=\"DRENAJE LINF\u00c1TICO - Masajes Terap\u00e9uticos Bizkarra\" \/>\n<meta property=\"og:description\" content=\"Drenaje Linf\u00e1tico Drenaje Linf\u00e1tico El\u00a0drenaje linf\u00e1tico\u00a0es un tipo de masaje\u00a0que se realiza a trav\u00e9s de movimientos muy suaves\u00a0y repetitivos que favorecen la circulaci\u00f3n, mejorando as\u00ed edemas, varices, inflamaciones y retenciones de l\u00edquidos. \u00a0 El\u00a0sistema linf\u00e1tico\u00a0colabora estrechamente con el sistema inmunol\u00f3gico, por lo que\u00a0el drenaje linf\u00e1tico manual\u00a0mejora el estado de salud\u00a0y ejerce un papel muy beneficioso [&hellip;]\" \/>\n<meta property=\"og:url\" content=\"https:\/\/masajesterapeuticosbizkarra.com\/eus\/drenaje-linfatico\/\" \/>\n<meta property=\"og:site_name\" content=\"Masajes Terap\u00e9uticos Bizkarra\" \/>\n<meta property=\"article:modified_time\" content=\"2024-07-18T15:09:26+00:00\" \/>\n<meta property=\"og:image\" content=\"https:\/\/masajesterapeuticosbizkarra.com\/wp-content\/uploads\/2024\/07\/masaje-alaitz-4-1024x1024.jpg\" \/>\n<meta name=\"twitter:card\" content=\"summary_large_image\" \/>\n<meta name=\"twitter:label1\" content=\"Est. reading time\" \/>\n\t<meta name=\"twitter:data1\" content=\"1 minutua\" \/>\n<script type=\"application\/ld+json\" class=\"yoast-schema-graph\">{\"@context\":\"https:\\\/\\\/schema.org\",\"@graph\":[{\"@type\":\"WebPage\",\"@id\":\"https:\\\/\\\/masajesterapeuticosbizkarra.com\\\/drenaje-linfatico\\\/\",\"url\":\"https:\\\/\\\/masajesterapeuticosbizkarra.com\\\/drenaje-linfatico\\\/\",\"name\":\"DRENAJE LINF\u00c1TICO - Masajes Terap\u00e9uticos Bizkarra\",\"isPartOf\":{\"@id\":\"https:\\\/\\\/masajesterapeuticosbizkarra.com\\\/#website\"},\"primaryImageOfPage\":{\"@id\":\"https:\\\/\\\/masajesterapeuticosbizkarra.com\\\/drenaje-linfatico\\\/#primaryimage\"},\"image\":{\"@id\":\"https:\\\/\\\/masajesterapeuticosbizkarra.com\\\/drenaje-linfatico\\\/#primaryimage\"},\"thumbnailUrl\":\"https:\\\/\\\/masajesterapeuticosbizkarra.com\\\/wp-content\\\/uploads\\\/2024\\\/07\\\/masaje-alaitz-4-1024x1024.jpg\",\"datePublished\":\"2024-07-17T16:17:01+00:00\",\"dateModified\":\"2024-07-18T15:09:26+00:00\",\"breadcrumb\":{\"@id\":\"https:\\\/\\\/masajesterapeuticosbizkarra.com\\\/drenaje-linfatico\\\/#breadcrumb\"},\"inLanguage\":\"eu\",\"potentialAction\":[{\"@type\":\"ReadAction\",\"target\":[\"https:\\\/\\\/masajesterapeuticosbizkarra.com\\\/drenaje-linfatico\\\/\"]}]},{\"@type\":\"ImageObject\",\"inLanguage\":\"eu\",\"@id\":\"https:\\\/\\\/masajesterapeuticosbizkarra.com\\\/drenaje-linfatico\\\/#primaryimage\",\"url\":\"https:\\\/\\\/masajesterapeuticosbizkarra.com\\\/wp-content\\\/uploads\\\/2024\\\/07\\\/masaje-alaitz-4-1024x1024.jpg\",\"contentUrl\":\"https:\\\/\\\/masajesterapeuticosbizkarra.com\\\/wp-content\\\/uploads\\\/2024\\\/07\\\/masaje-alaitz-4-1024x1024.jpg\"},{\"@type\":\"BreadcrumbList\",\"@id\":\"https:\\\/\\\/masajesterapeuticosbizkarra.com\\\/drenaje-linfatico\\\/#breadcrumb\",\"itemListElement\":[{\"@type\":\"ListItem\",\"position\":1,\"name\":\"Portada\",\"item\":\"https:\\\/\\\/masajesterapeuticosbizkarra.com\\\/\"},{\"@type\":\"ListItem\",\"position\":2,\"name\":\"DRENAJE LINF\u00c1TICO\"}]},{\"@type\":\"WebSite\",\"@id\":\"https:\\\/\\\/masajesterapeuticosbizkarra.com\\\/#website\",\"url\":\"https:\\\/\\\/masajesterapeuticosbizkarra.com\\\/\",\"name\":\"Masajes Terap\u00e9uticos Bizkarra\",\"description\":\"\",\"publisher\":{\"@id\":\"https:\\\/\\\/masajesterapeuticosbizkarra.com\\\/#organization\"},\"potentialAction\":[{\"@type\":\"SearchAction\",\"target\":{\"@type\":\"EntryPoint\",\"urlTemplate\":\"https:\\\/\\\/masajesterapeuticosbizkarra.com\\\/?s={search_term_string}\"},\"query-input\":{\"@type\":\"PropertyValueSpecification\",\"valueRequired\":true,\"valueName\":\"search_term_string\"}}],\"inLanguage\":\"eu\"},{\"@type\":\"Organization\",\"@id\":\"https:\\\/\\\/masajesterapeuticosbizkarra.com\\\/#organization\",\"name\":\"Masajes Terap\u00e9uticos Bizkarra\",\"url\":\"https:\\\/\\\/masajesterapeuticosbizkarra.com\\\/\",\"logo\":{\"@type\":\"ImageObject\",\"inLanguage\":\"eu\",\"@id\":\"https:\\\/\\\/masajesterapeuticosbizkarra.com\\\/#\\\/schema\\\/logo\\\/image\\\/\",\"url\":\"https:\\\/\\\/masajesterapeuticosbizkarra.com\\\/wp-content\\\/uploads\\\/2024\\\/07\\\/cropped-cropped-LOGO-ALAITZ-1.png\",\"contentUrl\":\"https:\\\/\\\/masajesterapeuticosbizkarra.com\\\/wp-content\\\/uploads\\\/2024\\\/07\\\/cropped-cropped-LOGO-ALAITZ-1.png\",\"width\":765,\"height\":469,\"caption\":\"Masajes Terap\u00e9uticos Bizkarra\"},\"image\":{\"@id\":\"https:\\\/\\\/masajesterapeuticosbizkarra.com\\\/#\\\/schema\\\/logo\\\/image\\\/\"}}]}<\/script>\n<!-- \/ Yoast SEO plugin. -->","yoast_head_json":{"title":"DRENAJE LINF\u00c1TICO - Masajes Terap\u00e9uticos Bizkarra","robots":{"index":"index","follow":"follow","max-snippet":"max-snippet:-1","max-image-preview":"max-image-preview:large","max-video-preview":"max-video-preview:-1"},"canonical":"https:\/\/masajesterapeuticosbizkarra.com\/eus\/drenaje-linfatico\/","og_locale":"en_US","og_type":"article","og_title":"DRENAJE LINF\u00c1TICO - Masajes Terap\u00e9uticos Bizkarra","og_description":"Drenaje Linf\u00e1tico Drenaje Linf\u00e1tico El\u00a0drenaje linf\u00e1tico\u00a0es un tipo de masaje\u00a0que se realiza a trav\u00e9s de movimientos muy suaves\u00a0y repetitivos que favorecen la circulaci\u00f3n, mejorando as\u00ed edemas, varices, inflamaciones y retenciones de l\u00edquidos. \u00a0 El\u00a0sistema linf\u00e1tico\u00a0colabora estrechamente con el sistema inmunol\u00f3gico, por lo que\u00a0el drenaje linf\u00e1tico manual\u00a0mejora el estado de salud\u00a0y ejerce un papel muy beneficioso [&hellip;]","og_url":"https:\/\/masajesterapeuticosbizkarra.com\/eus\/drenaje-linfatico\/","og_site_name":"Masajes Terap\u00e9uticos Bizkarra","article_modified_time":"2024-07-18T15:09:26+00:00","og_image":[{"url":"https:\/\/masajesterapeuticosbizkarra.com\/wp-content\/uploads\/2024\/07\/masaje-alaitz-4-1024x1024.jpg","type":"","width":"","height":""}],"twitter_card":"summary_large_image","twitter_misc":{"Est. reading time":"1 minutua"},"schema":{"@context":"https:\/\/schema.org","@graph":[{"@type":"WebPage","@id":"https:\/\/masajesterapeuticosbizkarra.com\/drenaje-linfatico\/","url":"https:\/\/masajesterapeuticosbizkarra.com\/drenaje-linfatico\/","name":"DRENAJE LINF\u00c1TICO - Masajes Terap\u00e9uticos Bizkarra","isPartOf":{"@id":"https:\/\/masajesterapeuticosbizkarra.com\/#website"},"primaryImageOfPage":{"@id":"https:\/\/masajesterapeuticosbizkarra.com\/drenaje-linfatico\/#primaryimage"},"image":{"@id":"https:\/\/masajesterapeuticosbizkarra.com\/drenaje-linfatico\/#primaryimage"},"thumbnailUrl":"https:\/\/masajesterapeuticosbizkarra.com\/wp-content\/uploads\/2024\/07\/masaje-alaitz-4-1024x1024.jpg","datePublished":"2024-07-17T16:17:01+00:00","dateModified":"2024-07-18T15:09:26+00:00","breadcrumb":{"@id":"https:\/\/masajesterapeuticosbizkarra.com\/drenaje-linfatico\/#breadcrumb"},"inLanguage":"eu","potentialAction":[{"@type":"ReadAction","target":["https:\/\/masajesterapeuticosbizkarra.com\/drenaje-linfatico\/"]}]},{"@type":"ImageObject","inLanguage":"eu","@id":"https:\/\/masajesterapeuticosbizkarra.com\/drenaje-linfatico\/#primaryimage","url":"https:\/\/masajesterapeuticosbizkarra.com\/wp-content\/uploads\/2024\/07\/masaje-alaitz-4-1024x1024.jpg","contentUrl":"https:\/\/masajesterapeuticosbizkarra.com\/wp-content\/uploads\/2024\/07\/masaje-alaitz-4-1024x1024.jpg"},{"@type":"BreadcrumbList","@id":"https:\/\/masajesterapeuticosbizkarra.com\/drenaje-linfatico\/#breadcrumb","itemListElement":[{"@type":"ListItem","position":1,"name":"Portada","item":"https:\/\/masajesterapeuticosbizkarra.com\/"},{"@type":"ListItem","position":2,"name":"DRENAJE LINF\u00c1TICO"}]},{"@type":"WebSite","@id":"https:\/\/masajesterapeuticosbizkarra.com\/#website","url":"https:\/\/masajesterapeuticosbizkarra.com\/","name":"Masajes Terap\u00e9uticos Bizkarra","description":"","publisher":{"@id":"https:\/\/masajesterapeuticosbizkarra.com\/#organization"},"potentialAction":[{"@type":"SearchAction","target":{"@type":"EntryPoint","urlTemplate":"https:\/\/masajesterapeuticosbizkarra.com\/?s={search_term_string}"},"query-input":{"@type":"PropertyValueSpecification","valueRequired":true,"valueName":"search_term_string"}}],"inLanguage":"eu"},{"@type":"Organization","@id":"https:\/\/masajesterapeuticosbizkarra.com\/#organization","name":"Masajes Terap\u00e9uticos Bizkarra","url":"https:\/\/masajesterapeuticosbizkarra.com\/","logo":{"@type":"ImageObject","inLanguage":"eu","@id":"https:\/\/masajesterapeuticosbizkarra.com\/#\/schema\/logo\/image\/","url":"https:\/\/masajesterapeuticosbizkarra.com\/wp-content\/uploads\/2024\/07\/cropped-cropped-LOGO-ALAITZ-1.png","contentUrl":"https:\/\/masajesterapeuticosbizkarra.com\/wp-content\/uploads\/2024\/07\/cropped-cropped-LOGO-ALAITZ-1.png","width":765,"height":469,"caption":"Masajes Terap\u00e9uticos Bizkarra"},"image":{"@id":"https:\/\/masajesterapeuticosbizkarra.com\/#\/schema\/logo\/image\/"}}]}},"_links":{"self":[{"href":"https:\/\/masajesterapeuticosbizkarra.com\/eus\/wp-json\/wp\/v2\/pages\/192","targetHints":{"allow":["GET"]}}],"collection":[{"href":"https:\/\/masajesterapeuticosbizkarra.com\/eus\/wp-json\/wp\/v2\/pages"}],"about":[{"href":"https:\/\/masajesterapeuticosbizkarra.com\/eus\/wp-json\/wp\/v2\/types\/page"}],"author":[{"embeddable":true,"href":"https:\/\/masajesterapeuticosbizkarra.com\/eus\/wp-json\/wp\/v2\/users\/1"}],"replies":[{"embeddable":true,"href":"https:\/\/masajesterapeuticosbizkarra.com\/eus\/wp-json\/wp\/v2\/comments?post=192"}],"version-history":[{"count":10,"href":"https:\/\/masajesterapeuticosbizkarra.com\/eus\/wp-json\/wp\/v2\/pages\/192\/revisions"}],"predecessor-version":[{"id":321,"href":"https:\/\/masajesterapeuticosbizkarra.com\/eus\/wp-json\/wp\/v2\/pages\/192\/revisions\/321"}],"wp:attachment":[{"href":"https:\/\/masajesterapeuticosbizkarra.com\/eus\/wp-json\/wp\/v2\/media?parent=192"}],"curies":[{"name":"wp","href":"https:\/\/api.w.org\/{rel}","templated":true}]}}