{"id":159,"date":"2024-07-10T16:24:00","date_gmt":"2024-07-10T16:24:00","guid":{"rendered":"https:\/\/masajesterapeuticosbizkarra.rkinformatika.online\/?page_id=159"},"modified":"2024-07-18T14:31:19","modified_gmt":"2024-07-18T14:31:19","slug":"masajes","status":"publish","type":"page","link":"https:\/\/masajesterapeuticosbizkarra.com\/eus\/masajes\/","title":{"rendered":"Masajeak"},"content":{"rendered":"<div data-elementor-type=\"wp-page\" data-elementor-id=\"159\" class=\"elementor elementor-159\" data-elementor-post-type=\"page\">\n\t\t\t\t<div class=\"elementor-element elementor-element-fe97884 e-con-full e-flex e-con e-parent\" data-id=\"fe97884\" data-element_type=\"container\" data-e-type=\"container\" data-settings=\"{&quot;background_background&quot;:&quot;classic&quot;}\">\n\t\t\t\t<div class=\"elementor-element elementor-element-8bb0a7e elementor-widget elementor-widget-spacer\" data-id=\"8bb0a7e\" data-element_type=\"widget\" data-e-type=\"widget\" data-widget_type=\"spacer.default\">\n\t\t\t\t<div class=\"elementor-widget-container\">\n\t\t\t\t\t\t\t<div class=\"elementor-spacer\">\n\t\t\t<div class=\"elementor-spacer-inner\"><\/div>\n\t\t<\/div>\n\t\t\t\t\t\t<\/div>\n\t\t\t\t<\/div>\n\t\t\t\t<\/div>\n\t\t<div class=\"elementor-element elementor-element-10cfacb e-flex e-con-boxed e-con e-parent\" data-id=\"10cfacb\" data-element_type=\"container\" data-e-type=\"container\">\n\t\t\t\t\t<div class=\"e-con-inner\">\n\t\t<div class=\"elementor-element elementor-element-69e04c7 e-con-full e-flex e-con e-child\" data-id=\"69e04c7\" data-element_type=\"container\" data-e-type=\"container\">\n\t\t\t\t<div class=\"elementor-element elementor-element-6bc3593 elementor-mobile-align-center elementor-icon-list--layout-traditional elementor-list-item-link-full_width elementor-widget elementor-widget-icon-list\" data-id=\"6bc3593\" data-element_type=\"widget\" data-e-type=\"widget\" data-widget_type=\"icon-list.default\">\n\t\t\t\t<div class=\"elementor-widget-container\">\n\t\t\t\t\t\t\t<ul class=\"elementor-icon-list-items\">\n\t\t\t\t\t\t\t<li class=\"elementor-icon-list-item\">\n\t\t\t\t\t\t\t\t\t\t\t<a href=\"https:\/\/masajesterapeuticosbizkarra.com\/eus\/masaje-terapeutico-pressel\/\">\n\n\t\t\t\t\t\t\t\t\t\t\t<span class=\"elementor-icon-list-text\">Pressel masaje terapeutikoa<\/span>\n\t\t\t\t\t\t\t\t\t\t\t<\/a>\n\t\t\t\t\t\t\t\t\t<\/li>\n\t\t\t\t\t\t<\/ul>\n\t\t\t\t\t\t<\/div>\n\t\t\t\t<\/div>\n\t\t\t\t<div class=\"elementor-element elementor-element-61ceae3 elementor-widget elementor-widget-text-editor\" data-id=\"61ceae3\" data-element_type=\"widget\" data-e-type=\"widget\" data-widget_type=\"text-editor.default\">\n\t\t\t\t<div class=\"elementor-widget-container\">\n\t\t\t\t\t\t\t\t\tLa caracter\u00edstica principal de este masaje es que sus beneficios no s\u00f3lo abarcan el plano f\u00edsico, sino tambi\u00e9n el emocional.\t\t\t\t\t\t\t\t<\/div>\n\t\t\t\t<\/div>\n\t\t\t\t<div class=\"elementor-element elementor-element-4a7b90b elementor-widget elementor-widget-spacer\" data-id=\"4a7b90b\" data-element_type=\"widget\" data-e-type=\"widget\" data-widget_type=\"spacer.default\">\n\t\t\t\t<div class=\"elementor-widget-container\">\n\t\t\t\t\t\t\t<div class=\"elementor-spacer\">\n\t\t\t<div class=\"elementor-spacer-inner\"><\/div>\n\t\t<\/div>\n\t\t\t\t\t\t<\/div>\n\t\t\t\t<\/div>\n\t\t\t\t<div class=\"elementor-element elementor-element-5ae9aad elementor-align-left elementor-mobile-align-left elementor-widget elementor-widget-button\" data-id=\"5ae9aad\" data-element_type=\"widget\" data-e-type=\"widget\" data-widget_type=\"button.default\">\n\t\t\t\t<div class=\"elementor-widget-container\">\n\t\t\t\t\t\t\t\t\t<div class=\"elementor-button-wrapper\">\n\t\t\t\t\t<a class=\"elementor-button elementor-button-link elementor-size-sm\" href=\"https:\/\/masajesterapeuticosbizkarra.com\/eus\/masaje-terapeutico-pressel\/\">\n\t\t\t\t\t\t<span class=\"elementor-button-content-wrapper\">\n\t\t\t\t\t\t\t\t\t<span class=\"elementor-button-text\">Informazio gehiago<\/span>\n\t\t\t\t\t<\/span>\n\t\t\t\t\t<\/a>\n\t\t\t\t<\/div>\n\t\t\t\t\t\t\t\t<\/div>\n\t\t\t\t<\/div>\n\t\t\t\t<\/div>\n\t\t<div class=\"elementor-element elementor-element-482f786 e-con-full e-flex e-con e-child\" data-id=\"482f786\" data-element_type=\"container\" data-e-type=\"container\">\n\t\t\t\t<div class=\"elementor-element elementor-element-9063371 elementor-mobile-align-center elementor-icon-list--layout-traditional elementor-list-item-link-full_width elementor-widget elementor-widget-icon-list\" data-id=\"9063371\" data-element_type=\"widget\" data-e-type=\"widget\" data-widget_type=\"icon-list.default\">\n\t\t\t\t<div class=\"elementor-widget-container\">\n\t\t\t\t\t\t\t<ul class=\"elementor-icon-list-items\">\n\t\t\t\t\t\t\t<li class=\"elementor-icon-list-item\">\n\t\t\t\t\t\t\t\t\t\t\t<a href=\"https:\/\/masajesterapeuticosbizkarra.com\/eus\/drenaje-linfatico\/\">\n\n\t\t\t\t\t\t\t\t\t\t\t<span class=\"elementor-icon-list-text\">Drainatze linfatikoa<\/span>\n\t\t\t\t\t\t\t\t\t\t\t<\/a>\n\t\t\t\t\t\t\t\t\t<\/li>\n\t\t\t\t\t\t<\/ul>\n\t\t\t\t\t\t<\/div>\n\t\t\t\t<\/div>\n\t\t\t\t<div class=\"elementor-element elementor-element-6df2d37 elementor-widget elementor-widget-text-editor\" data-id=\"6df2d37\" data-element_type=\"widget\" data-e-type=\"widget\" data-widget_type=\"text-editor.default\">\n\t\t\t\t<div class=\"elementor-widget-container\">\n\t\t\t\t\t\t\t\t\tEl drenaje linf\u00e1tico es un tipo de masaje que se realiza a trav\u00e9s de movimientos muy suaves y repetitivos que favorecen la circulaci\u00f3n.\t\t\t\t\t\t\t\t<\/div>\n\t\t\t\t<\/div>\n\t\t\t\t<div class=\"elementor-element elementor-element-b51168c elementor-widget elementor-widget-spacer\" data-id=\"b51168c\" data-element_type=\"widget\" data-e-type=\"widget\" data-widget_type=\"spacer.default\">\n\t\t\t\t<div class=\"elementor-widget-container\">\n\t\t\t\t\t\t\t<div class=\"elementor-spacer\">\n\t\t\t<div class=\"elementor-spacer-inner\"><\/div>\n\t\t<\/div>\n\t\t\t\t\t\t<\/div>\n\t\t\t\t<\/div>\n\t\t\t\t<div class=\"elementor-element elementor-element-ef08e5f elementor-align-left elementor-mobile-align-center elementor-widget elementor-widget-button\" data-id=\"ef08e5f\" data-element_type=\"widget\" data-e-type=\"widget\" data-widget_type=\"button.default\">\n\t\t\t\t<div class=\"elementor-widget-container\">\n\t\t\t\t\t\t\t\t\t<div class=\"elementor-button-wrapper\">\n\t\t\t\t\t<a class=\"elementor-button elementor-button-link elementor-size-sm\" href=\"https:\/\/masajesterapeuticosbizkarra.com\/eus\/drenaje-linfatico\/\">\n\t\t\t\t\t\t<span class=\"elementor-button-content-wrapper\">\n\t\t\t\t\t\t\t\t\t<span class=\"elementor-button-text\">Informazio gehiago<\/span>\n\t\t\t\t\t<\/span>\n\t\t\t\t\t<\/a>\n\t\t\t\t<\/div>\n\t\t\t\t\t\t\t\t<\/div>\n\t\t\t\t<\/div>\n\t\t\t\t<\/div>\n\t\t<div class=\"elementor-element elementor-element-b4b6f32 e-con-full e-flex e-con e-child\" data-id=\"b4b6f32\" data-element_type=\"container\" data-e-type=\"container\">\n\t\t\t\t<div class=\"elementor-element elementor-element-bb92cc9 elementor-mobile-align-center elementor-icon-list--layout-traditional elementor-list-item-link-full_width elementor-widget elementor-widget-icon-list\" data-id=\"bb92cc9\" data-element_type=\"widget\" data-e-type=\"widget\" data-widget_type=\"icon-list.default\">\n\t\t\t\t<div class=\"elementor-widget-container\">\n\t\t\t\t\t\t\t<ul class=\"elementor-icon-list-items\">\n\t\t\t\t\t\t\t<li class=\"elementor-icon-list-item\">\n\t\t\t\t\t\t\t\t\t\t\t<a href=\"https:\/\/masajesterapeuticosbizkarra.com\/eus\/masaje-ayurvedico\/\">\n\n\t\t\t\t\t\t\t\t\t\t\t<span class=\"elementor-icon-list-text\">Masaje Ayurv\u00e9dico<br>(Emakumeei bakarrik egiten zaie)<\/span>\n\t\t\t\t\t\t\t\t\t\t\t<\/a>\n\t\t\t\t\t\t\t\t\t<\/li>\n\t\t\t\t\t\t<\/ul>\n\t\t\t\t\t\t<\/div>\n\t\t\t\t<\/div>\n\t\t\t\t<div class=\"elementor-element elementor-element-606781f elementor-widget elementor-widget-text-editor\" data-id=\"606781f\" data-element_type=\"widget\" data-e-type=\"widget\" data-widget_type=\"text-editor.default\">\n\t\t\t\t<div class=\"elementor-widget-container\">\n\t\t\t\t\t\t\t\t\t<p>A trav\u00e9s del masaje ayurv\u00e9dico se promueve una atenci\u00f3n integral de la persona, tanto en cuerpo como en mente.<\/p>\t\t\t\t\t\t\t\t<\/div>\n\t\t\t\t<\/div>\n\t\t\t\t<div class=\"elementor-element elementor-element-726c22c elementor-align-left elementor-mobile-align-center elementor-widget elementor-widget-button\" data-id=\"726c22c\" data-element_type=\"widget\" data-e-type=\"widget\" data-widget_type=\"button.default\">\n\t\t\t\t<div class=\"elementor-widget-container\">\n\t\t\t\t\t\t\t\t\t<div class=\"elementor-button-wrapper\">\n\t\t\t\t\t<a class=\"elementor-button elementor-button-link elementor-size-sm\" href=\"https:\/\/masajesterapeuticosbizkarra.com\/eus\/masaje-ayurvedico\/\">\n\t\t\t\t\t\t<span class=\"elementor-button-content-wrapper\">\n\t\t\t\t\t\t\t\t\t<span class=\"elementor-button-text\">Informazio gehiago<\/span>\n\t\t\t\t\t<\/span>\n\t\t\t\t\t<\/a>\n\t\t\t\t<\/div>\n\t\t\t\t\t\t\t\t<\/div>\n\t\t\t\t<\/div>\n\t\t\t\t<\/div>\n\t\t<div class=\"elementor-element elementor-element-8f9592e e-con-full e-flex e-con e-child\" data-id=\"8f9592e\" data-element_type=\"container\" data-e-type=\"container\">\n\t\t\t\t<div class=\"elementor-element elementor-element-cbf5192 elementor-mobile-align-center elementor-icon-list--layout-traditional elementor-list-item-link-full_width elementor-widget elementor-widget-icon-list\" data-id=\"cbf5192\" data-element_type=\"widget\" data-e-type=\"widget\" data-widget_type=\"icon-list.default\">\n\t\t\t\t<div class=\"elementor-widget-container\">\n\t\t\t\t\t\t\t<ul class=\"elementor-icon-list-items\">\n\t\t\t\t\t\t\t<li class=\"elementor-icon-list-item\">\n\t\t\t\t\t\t\t\t\t\t\t<a href=\"https:\/\/masajesterapeuticosbizkarra.com\/eus\/masaje-descontracturante\/\">\n\n\t\t\t\t\t\t\t\t\t\t\t<span class=\"elementor-icon-list-text\">Masaje deskontrakturatzailea<\/span>\n\t\t\t\t\t\t\t\t\t\t\t<\/a>\n\t\t\t\t\t\t\t\t\t<\/li>\n\t\t\t\t\t\t<\/ul>\n\t\t\t\t\t\t<\/div>\n\t\t\t\t<\/div>\n\t\t\t\t<div class=\"elementor-element elementor-element-d45ed8b elementor-widget elementor-widget-text-editor\" data-id=\"d45ed8b\" data-element_type=\"widget\" data-e-type=\"widget\" data-widget_type=\"text-editor.default\">\n\t\t\t\t<div class=\"elementor-widget-container\">\n\t\t\t\t\t\t\t\t\t<p>El masaje descontracturante es una t\u00e9cnica terap\u00e9utica que alivia tensiones y contracturas musculares mediante presi\u00f3n espec\u00edfica y manipulaciones profundas.<\/p>\t\t\t\t\t\t\t\t<\/div>\n\t\t\t\t<\/div>\n\t\t\t\t<div class=\"elementor-element elementor-element-415d8a0 elementor-align-left elementor-mobile-align-center elementor-widget elementor-widget-button\" data-id=\"415d8a0\" data-element_type=\"widget\" data-e-type=\"widget\" data-widget_type=\"button.default\">\n\t\t\t\t<div class=\"elementor-widget-container\">\n\t\t\t\t\t\t\t\t\t<div class=\"elementor-button-wrapper\">\n\t\t\t\t\t<a class=\"elementor-button elementor-button-link elementor-size-sm\" href=\"https:\/\/masajesterapeuticosbizkarra.com\/eus\/masaje-descontracturante\/\">\n\t\t\t\t\t\t<span class=\"elementor-button-content-wrapper\">\n\t\t\t\t\t\t\t\t\t<span class=\"elementor-button-text\">Informazio gehiago<\/span>\n\t\t\t\t\t<\/span>\n\t\t\t\t\t<\/a>\n\t\t\t\t<\/div>\n\t\t\t\t\t\t\t\t<\/div>\n\t\t\t\t<\/div>\n\t\t\t\t<\/div>\n\t\t\t\t\t<\/div>\n\t\t\t\t<\/div>\n\t\t\t\t<\/div>","protected":false},"excerpt":{"rendered":"<p>Masaje Terap\u00e9utico Pressel La caracter\u00edstica principal de este masaje es que sus beneficios no s\u00f3lo abarcan el plano f\u00edsico, sino tambi\u00e9n el emocional. M\u00e1s informaci\u00f3n Drenaje Linf\u00e1tico El drenaje linf\u00e1tico es un tipo de masaje que se realiza a trav\u00e9s de movimientos muy suaves y repetitivos que favorecen la circulaci\u00f3n. M\u00e1s informaci\u00f3n Masaje Ayurv\u00e9dico(Solo se [&hellip;]<\/p>\n","protected":false},"author":1,"featured_media":0,"parent":0,"menu_order":0,"comment_status":"closed","ping_status":"closed","template":"elementor_canvas","meta":{"footnotes":""},"class_list":["post-159","page","type-page","status-publish","hentry"],"yoast_head":"<!-- This site is optimized with the Yoast SEO plugin v27.5 - https:\/\/yoast.com\/product\/yoast-seo-wordpress\/ -->\n<title>Masajes - Masajes Terap\u00e9uticos Bizkarra<\/title>\n<meta name=\"robots\" content=\"index, follow, max-snippet:-1, max-image-preview:large, max-video-preview:-1\" \/>\n<link rel=\"canonical\" href=\"https:\/\/masajesterapeuticosbizkarra.com\/eus\/masajes\/\" \/>\n<meta property=\"og:locale\" content=\"en_US\" \/>\n<meta property=\"og:type\" content=\"article\" \/>\n<meta property=\"og:title\" content=\"Masajes - Masajes Terap\u00e9uticos Bizkarra\" \/>\n<meta property=\"og:description\" content=\"Masaje Terap\u00e9utico Pressel La caracter\u00edstica principal de este masaje es que sus beneficios no s\u00f3lo abarcan el plano f\u00edsico, sino tambi\u00e9n el emocional. M\u00e1s informaci\u00f3n Drenaje Linf\u00e1tico El drenaje linf\u00e1tico es un tipo de masaje que se realiza a trav\u00e9s de movimientos muy suaves y repetitivos que favorecen la circulaci\u00f3n. M\u00e1s informaci\u00f3n Masaje Ayurv\u00e9dico(Solo se [&hellip;]\" \/>\n<meta property=\"og:url\" content=\"https:\/\/masajesterapeuticosbizkarra.com\/eus\/masajes\/\" \/>\n<meta property=\"og:site_name\" content=\"Masajes Terap\u00e9uticos Bizkarra\" \/>\n<meta property=\"article:modified_time\" content=\"2024-07-18T14:31:19+00:00\" \/>\n<meta name=\"twitter:card\" content=\"summary_large_image\" \/>\n<meta name=\"twitter:label1\" content=\"Est. reading time\" \/>\n\t<meta name=\"twitter:data1\" content=\"3 minutua\" \/>\n<script type=\"application\/ld+json\" class=\"yoast-schema-graph\">{\"@context\":\"https:\\\/\\\/schema.org\",\"@graph\":[{\"@type\":\"WebPage\",\"@id\":\"https:\\\/\\\/masajesterapeuticosbizkarra.com\\\/masajes\\\/\",\"url\":\"https:\\\/\\\/masajesterapeuticosbizkarra.com\\\/masajes\\\/\",\"name\":\"Masajes - Masajes Terap\u00e9uticos Bizkarra\",\"isPartOf\":{\"@id\":\"https:\\\/\\\/masajesterapeuticosbizkarra.com\\\/#website\"},\"datePublished\":\"2024-07-10T16:24:00+00:00\",\"dateModified\":\"2024-07-18T14:31:19+00:00\",\"breadcrumb\":{\"@id\":\"https:\\\/\\\/masajesterapeuticosbizkarra.com\\\/masajes\\\/#breadcrumb\"},\"inLanguage\":\"eu\",\"potentialAction\":[{\"@type\":\"ReadAction\",\"target\":[\"https:\\\/\\\/masajesterapeuticosbizkarra.com\\\/masajes\\\/\"]}]},{\"@type\":\"BreadcrumbList\",\"@id\":\"https:\\\/\\\/masajesterapeuticosbizkarra.com\\\/masajes\\\/#breadcrumb\",\"itemListElement\":[{\"@type\":\"ListItem\",\"position\":1,\"name\":\"Portada\",\"item\":\"https:\\\/\\\/masajesterapeuticosbizkarra.com\\\/\"},{\"@type\":\"ListItem\",\"position\":2,\"name\":\"Masajes\"}]},{\"@type\":\"WebSite\",\"@id\":\"https:\\\/\\\/masajesterapeuticosbizkarra.com\\\/#website\",\"url\":\"https:\\\/\\\/masajesterapeuticosbizkarra.com\\\/\",\"name\":\"Masajes Terap\u00e9uticos Bizkarra\",\"description\":\"\",\"publisher\":{\"@id\":\"https:\\\/\\\/masajesterapeuticosbizkarra.com\\\/#organization\"},\"potentialAction\":[{\"@type\":\"SearchAction\",\"target\":{\"@type\":\"EntryPoint\",\"urlTemplate\":\"https:\\\/\\\/masajesterapeuticosbizkarra.com\\\/?s={search_term_string}\"},\"query-input\":{\"@type\":\"PropertyValueSpecification\",\"valueRequired\":true,\"valueName\":\"search_term_string\"}}],\"inLanguage\":\"eu\"},{\"@type\":\"Organization\",\"@id\":\"https:\\\/\\\/masajesterapeuticosbizkarra.com\\\/#organization\",\"name\":\"Masajes Terap\u00e9uticos Bizkarra\",\"url\":\"https:\\\/\\\/masajesterapeuticosbizkarra.com\\\/\",\"logo\":{\"@type\":\"ImageObject\",\"inLanguage\":\"eu\",\"@id\":\"https:\\\/\\\/masajesterapeuticosbizkarra.com\\\/#\\\/schema\\\/logo\\\/image\\\/\",\"url\":\"https:\\\/\\\/masajesterapeuticosbizkarra.com\\\/wp-content\\\/uploads\\\/2024\\\/07\\\/cropped-cropped-LOGO-ALAITZ-1.png\",\"contentUrl\":\"https:\\\/\\\/masajesterapeuticosbizkarra.com\\\/wp-content\\\/uploads\\\/2024\\\/07\\\/cropped-cropped-LOGO-ALAITZ-1.png\",\"width\":765,\"height\":469,\"caption\":\"Masajes Terap\u00e9uticos Bizkarra\"},\"image\":{\"@id\":\"https:\\\/\\\/masajesterapeuticosbizkarra.com\\\/#\\\/schema\\\/logo\\\/image\\\/\"}}]}<\/script>\n<!-- \/ Yoast SEO plugin. -->","yoast_head_json":{"title":"Masajes - Masajes Terap\u00e9uticos Bizkarra","robots":{"index":"index","follow":"follow","max-snippet":"max-snippet:-1","max-image-preview":"max-image-preview:large","max-video-preview":"max-video-preview:-1"},"canonical":"https:\/\/masajesterapeuticosbizkarra.com\/eus\/masajes\/","og_locale":"en_US","og_type":"article","og_title":"Masajes - Masajes Terap\u00e9uticos Bizkarra","og_description":"Masaje Terap\u00e9utico Pressel La caracter\u00edstica principal de este masaje es que sus beneficios no s\u00f3lo abarcan el plano f\u00edsico, sino tambi\u00e9n el emocional. M\u00e1s informaci\u00f3n Drenaje Linf\u00e1tico El drenaje linf\u00e1tico es un tipo de masaje que se realiza a trav\u00e9s de movimientos muy suaves y repetitivos que favorecen la circulaci\u00f3n. M\u00e1s informaci\u00f3n Masaje Ayurv\u00e9dico(Solo se [&hellip;]","og_url":"https:\/\/masajesterapeuticosbizkarra.com\/eus\/masajes\/","og_site_name":"Masajes Terap\u00e9uticos Bizkarra","article_modified_time":"2024-07-18T14:31:19+00:00","twitter_card":"summary_large_image","twitter_misc":{"Est. reading time":"3 minutua"},"schema":{"@context":"https:\/\/schema.org","@graph":[{"@type":"WebPage","@id":"https:\/\/masajesterapeuticosbizkarra.com\/masajes\/","url":"https:\/\/masajesterapeuticosbizkarra.com\/masajes\/","name":"Masajes - Masajes Terap\u00e9uticos Bizkarra","isPartOf":{"@id":"https:\/\/masajesterapeuticosbizkarra.com\/#website"},"datePublished":"2024-07-10T16:24:00+00:00","dateModified":"2024-07-18T14:31:19+00:00","breadcrumb":{"@id":"https:\/\/masajesterapeuticosbizkarra.com\/masajes\/#breadcrumb"},"inLanguage":"eu","potentialAction":[{"@type":"ReadAction","target":["https:\/\/masajesterapeuticosbizkarra.com\/masajes\/"]}]},{"@type":"BreadcrumbList","@id":"https:\/\/masajesterapeuticosbizkarra.com\/masajes\/#breadcrumb","itemListElement":[{"@type":"ListItem","position":1,"name":"Portada","item":"https:\/\/masajesterapeuticosbizkarra.com\/"},{"@type":"ListItem","position":2,"name":"Masajes"}]},{"@type":"WebSite","@id":"https:\/\/masajesterapeuticosbizkarra.com\/#website","url":"https:\/\/masajesterapeuticosbizkarra.com\/","name":"Masajes Terap\u00e9uticos Bizkarra","description":"","publisher":{"@id":"https:\/\/masajesterapeuticosbizkarra.com\/#organization"},"potentialAction":[{"@type":"SearchAction","target":{"@type":"EntryPoint","urlTemplate":"https:\/\/masajesterapeuticosbizkarra.com\/?s={search_term_string}"},"query-input":{"@type":"PropertyValueSpecification","valueRequired":true,"valueName":"search_term_string"}}],"inLanguage":"eu"},{"@type":"Organization","@id":"https:\/\/masajesterapeuticosbizkarra.com\/#organization","name":"Masajes Terap\u00e9uticos Bizkarra","url":"https:\/\/masajesterapeuticosbizkarra.com\/","logo":{"@type":"ImageObject","inLanguage":"eu","@id":"https:\/\/masajesterapeuticosbizkarra.com\/#\/schema\/logo\/image\/","url":"https:\/\/masajesterapeuticosbizkarra.com\/wp-content\/uploads\/2024\/07\/cropped-cropped-LOGO-ALAITZ-1.png","contentUrl":"https:\/\/masajesterapeuticosbizkarra.com\/wp-content\/uploads\/2024\/07\/cropped-cropped-LOGO-ALAITZ-1.png","width":765,"height":469,"caption":"Masajes Terap\u00e9uticos Bizkarra"},"image":{"@id":"https:\/\/masajesterapeuticosbizkarra.com\/#\/schema\/logo\/image\/"}}]}},"_links":{"self":[{"href":"https:\/\/masajesterapeuticosbizkarra.com\/eus\/wp-json\/wp\/v2\/pages\/159","targetHints":{"allow":["GET"]}}],"collection":[{"href":"https:\/\/masajesterapeuticosbizkarra.com\/eus\/wp-json\/wp\/v2\/pages"}],"about":[{"href":"https:\/\/masajesterapeuticosbizkarra.com\/eus\/wp-json\/wp\/v2\/types\/page"}],"author":[{"embeddable":true,"href":"https:\/\/masajesterapeuticosbizkarra.com\/eus\/wp-json\/wp\/v2\/users\/1"}],"replies":[{"embeddable":true,"href":"https:\/\/masajesterapeuticosbizkarra.com\/eus\/wp-json\/wp\/v2\/comments?post=159"}],"version-history":[{"count":43,"href":"https:\/\/masajesterapeuticosbizkarra.com\/eus\/wp-json\/wp\/v2\/pages\/159\/revisions"}],"predecessor-version":[{"id":285,"href":"https:\/\/masajesterapeuticosbizkarra.com\/eus\/wp-json\/wp\/v2\/pages\/159\/revisions\/285"}],"wp:attachment":[{"href":"https:\/\/masajesterapeuticosbizkarra.com\/eus\/wp-json\/wp\/v2\/media?parent=159"}],"curies":[{"name":"wp","href":"https:\/\/api.w.org\/{rel}","templated":true}]}}